{"id":922,"date":"2021-01-12T10:21:52","date_gmt":"2021-01-12T09:21:52","guid":{"rendered":"https:\/\/bullearchitectes.com\/mentions-legales\/"},"modified":"2021-02-08T10:30:23","modified_gmt":"2021-02-08T09:30:23","slug":"legal-notice","status":"publish","type":"page","link":"https:\/\/bullearchitectes.com\/en\/legal-notice\/","title":{"rendered":"Legal notice"},"content":{"rendered":"<div class=\"wpb-content-wrapper\">[vc_row][vc_column][vc_column_text]Raison sociale : SELARL Atelier Bulle<br \/>\nAdresse si\u00e8ge social : 31 rue Bobillot, 33800, Bordeaux<br \/>\nT\u00e9l\u00e9phone : 05 47 30 75 16<br \/>\nMail : agence@bullearchitectes.com<br \/>\nForme juridique de la soci\u00e9t\u00e9 : SELARL<br \/>\nRegistre du Commerce et des Soci\u00e9t\u00e9s : RCS Bordeaux 478 090 434<br \/>\nMontant du capital social : 7 170 euros<br \/>\nNom du directeur de la publication et responsable de la r\u00e9daction : Rapha\u00ebl CHAUVET<br \/>\nNum\u00e9ro individuel d\u2019identification \u00e0 la TVA : FR20 478 090 434<\/p>\n<p>Site r\u00e9alis\u00e9 par Pauline MATHIOT, Fr\u00e9d\u00e9ric SAOUT et l\u2019agence Bulle Architectes.<\/p>\n<h2>HEBERGEUR DU SITE INTERNET<\/h2>\n<p>Nom de l\u2019h\u00e9bergeur : OVH<br \/>\nRaison sociale : RCS Lille M\u00e9tropole 424 761 419 00045<br \/>\nAdresse : 2 rue Kellermann \u2013 59100 Roubaix \u2013 France.<br \/>\nNum\u00e9ro de t\u00e9l\u00e9phone : 08 99 49 87 65<\/p>\n<h2>ACTIVITE<\/h2>\n<p>R\u00e9f\u00e9rence aux r\u00e8gles professionnelles applicables : code des devoirs professionnels D\u00e9cret n\u00b080-217 du 20 mars 1980<br \/>\nIndication du titre professionnel : architecture code APE 7111z<br \/>\nNom de l\u2019Etat de l\u2019Union europ\u00e9enne dans lequel le titre professionnel a \u00e9t\u00e9 octroy\u00e9 : France<br \/>\nNom de l\u2019ordre ou de l\u2019organisme aupr\u00e8s duquel une inscription a \u00e9t\u00e9 faite : Inscription \u00e0 l\u2019Ordre des Architectes sous le num\u00e9ro S06230<\/p>\n<h2>CREDITS PHOTOS<\/h2>\n<p>Projet Halle couverte du Teich : Cr\u00e9dits \u00a9D\u00e9sirode<br \/>\nMaison C \u00e0 Biscarrosse : Cr\u00e9dits \u00a9Pauline Mathiot<br \/>\nExtension des bureaux du SIBA \u00e0 Biganos : Cr\u00e9dits \u00a9D\u00e9sirode<br \/>\nAm\u00e9nagement des bureaux de notre agence Bulle Architectes \u00e0 Bordeaux : Cr\u00e9dits \u00a9D\u00e9sirode<br \/>\nConstruction de 53 logements au Teich : Cr\u00e9dits \u00a9James Hardie<\/p>\n<h2>CONDITIONS D\u2019UTILISATION<\/h2>\n<p>Ce site www.bullearchitectes.com est propos\u00e9 en diff\u00e9rents langages web (HTML, HTML5, Javascript, CSS, etc\u2026) pour un meilleur confort d\u2019utilisation et un graphisme plus agr\u00e9able, nous vous recommandons de recourir \u00e0 des navigateurs modernes comme Edge, Safari, Firefox, Google Chrome, etc\u2026<br \/>\nBULLE ARCHITECTES met en \u0153uvre tous les moyens dont elle dispose, pour assurer une information fiable et une mise \u00e0 jour de son site internet. Toutefois, des erreurs ou omissions peuvent survenir. L\u2019internaute devra donc s\u2019assurer de l\u2019exactitude des informations, et signaler toutes modifications du site qu\u2019il jugerait utile. BULLE ARCHITECTES n\u2019est en aucun cas responsable de l\u2019utilisation faite de ces informations, et de tout pr\u00e9judice direct ou indirect pouvant en d\u00e9couler.<\/p>\n<h2>COOKIES :<\/h2>\n<p>Le site www.bullearchitectes.com peut \u00eatre amen\u00e9 \u00e0 vous demander l\u2019acceptation des cookies pour des besoins de statistiques et d\u2019affichage. Un cookie est une information d\u00e9pos\u00e9e sur votre disque dur par le serveur du site que vous visitez. Il contient plusieurs donn\u00e9es qui sont stock\u00e9es sur votre ordinateur dans un simple fichier texte auquel un serveur acc\u00e8de pour lire et enregistrer des informations. Certaines parties de ce site ne peuvent \u00eatre fonctionnelles sans l\u2019acceptation de cookies. Il vous ai laiss\u00e9 le choix de refuser ces cookies.<\/p>\n<h2>LIENS HYPERTEXTES :<\/h2>\n<p>Les sites internet de peuvent offrir des liens vers d\u2019autres sites internet ou d\u2019autres ressources disponibles sur Internet. BULLE ARCHITECTES ne dispose d\u2019aucun moyen pour contr\u00f4ler les sites en connexion avec ses sites internet. Elle ne peut \u00eatre tenue pour responsable de tout dommage, de quelque nature que ce soit, r\u00e9sultant du contenu de ces sites ou sources externes, et notamment des informations, produits ou services qu\u2019ils proposent, ou de tout usage qui peut \u00eatre fait de ces \u00e9l\u00e9ments. Les risques li\u00e9s \u00e0 cette utilisation incombent pleinement \u00e0 l\u2019internaute, qui doit se conformer \u00e0 leurs conditions d\u2019utilisation.<br \/>\nLes utilisateurs, les abonn\u00e9s et les visiteurs du site internet ne peuvent pas mettre en place un hyperlien en direction de ce site sans l\u2019autorisation expresse et pr\u00e9alable de BULLE ARCHIRETECTES.<br \/>\nDans l\u2019hypoth\u00e8se o\u00f9 un utilisateur ou visiteur souhaiterait mettre en place un hyperlien en direction du site internet de BULLE ARCHITECTES, il lui appartiendra d\u2019adresser un email accessible sur le site afin de formuler sa demande de mise en place d\u2019un hyperlien. BULLE ARCHITECTES se r\u00e9serve le droit d\u2019accepter ou de refuser un hyperlien sans avoir \u00e0 en justifier sa d\u00e9cision.<\/p>\n<h2>SERVICES FOURNIS :<\/h2>\n<p>L\u2019ensemble des activit\u00e9s de la soci\u00e9t\u00e9 ainsi que ses informations sont pr\u00e9sent\u00e9s sur notre site www.bullearchitectes.com.<br \/>\nBULLE ARCHITECTES s\u2019efforce de fournir sur le site www.bullearchitectes.com des informations aussi pr\u00e9cises que possible. Les renseignements figurant sur le site www.bullearchitectes.com ne sont pas exhaustifs et les photos non contractuelles. Ils sont donn\u00e9s sous r\u00e9serve de modifications ayant \u00e9t\u00e9 apport\u00e9es depuis leur mise en ligne. Par ailleurs, toutes les informations indiqu\u00e9es sur le site www.bullearchitectes.com sont donn\u00e9es \u00e0 titre indicatif, et sont susceptibles de changer ou d\u2019\u00e9voluer sans pr\u00e9avis.<\/p>\n<h2>LIMITATION CONTRACTUELLES SUR LES DONNEES :<\/h2>\n<p>Les informations contenues sur ce site sont aussi pr\u00e9cises que possible et le site remis \u00e0 jour \u00e0 diff\u00e9rentes p\u00e9riodes de l\u2019ann\u00e9e, mais peut toutefois contenir des inexactitudes ou des omissions. Si vous constatez une lacune, erreur ou ce qui parait \u00eatre un dysfonctionnement, merci de bien vouloir le signaler par email, \u00e0 l\u2019adresse agence@bullearchitectes.com, en d\u00e9crivant le probl\u00e8me de la mani\u00e8re la plus pr\u00e9cise possible (page posant probl\u00e8me, type d\u2019ordinateur et de navigateur utilis\u00e9, etc.).<br \/>\nTout contenu t\u00e9l\u00e9charg\u00e9 se fait aux risques et p\u00e9rils de l\u2019utilisateur et sous sa seule responsabilit\u00e9. En cons\u00e9quence, ne saurait \u00eatre tenu responsable d\u2019un quelconque dommage subi par l\u2019ordinateur de l\u2019utilisateur ou d\u2019une quelconque perte de donn\u00e9es cons\u00e9cutives au t\u00e9l\u00e9chargement. De plus, l\u2019utilisateur du site s\u2019engage \u00e0 acc\u00e9der au site en utilisant un mat\u00e9riel r\u00e9cent, ne contenant pas de virus et avec un navigateur de derni\u00e8re g\u00e9n\u00e9ration mis \u00e0 jour.<br \/>\nLes liens hypertextes mis en place dans le cadre du pr\u00e9sent site internet en direction d\u2019autres ressources pr\u00e9sentes sur le r\u00e9seau Internet ne sauraient engager la responsabilit\u00e9 de BULLE ARCHITECTES.<\/p>\n<h2>PROPRIETE INTELLECTUELLE :<\/h2>\n<p>Tout le contenu du pr\u00e9sent site www.bullearchitectes.com, incluant, de fa\u00e7on non limitative, les graphismes, images, textes, vid\u00e9os, animations, sons, logos, gifs et ic\u00f4nes ainsi que leur mise en forme sont la propri\u00e9t\u00e9 exclusive de la soci\u00e9t\u00e9 \u00e0 l\u2019exception des marques, logos ou contenus appartenant \u00e0 d\u2019autres soci\u00e9t\u00e9s partenaires ou auteurs.<br \/>\nToute reproduction, distribution, modification, adaptation, retransmission ou publication, m\u00eame partielle, de ces diff\u00e9rents \u00e9l\u00e9ments est strictement interdite sans l\u2019accord expr\u00e8s par \u00e9crit de BULLE ARCHITECTES. Cette repr\u00e9sentation ou reproduction, par quelque proc\u00e9d\u00e9 que ce soit, constitue une contrefa\u00e7on sanctionn\u00e9e par les articles L.335-2 et suivants du Code de la propri\u00e9t\u00e9 intellectuelle. Le non-respect de cette interdiction constitue une contrefa\u00e7on pouvant engager la responsabilit\u00e9 civile et p\u00e9nale du contrefacteur. En outre, les propri\u00e9taires des Contenus copi\u00e9s pourraient intenter une action en justice \u00e0 votre encontre.<\/p>\n<h2>LITIGES :<\/h2>\n<p>Les pr\u00e9sentes conditions du site www.bullearchitectes.com sont r\u00e9gies par les lois fran\u00e7aises et toute contestation ou litiges qui pourraient na\u00eetre de l\u2019interpr\u00e9tation ou de l\u2019ex\u00e9cution de celles-ci seront de la comp\u00e9tence exclusive des tribunaux dont d\u00e9pend le si\u00e8ge social de la soci\u00e9t\u00e9. La langue de r\u00e9f\u00e9rence, pour le r\u00e8glement de contentieux \u00e9ventuels, est le fran\u00e7ais.[\/vc_column_text][\/vc_column][\/vc_row]\n<\/div>","protected":false},"excerpt":{"rendered":"<p>[vc_row][vc_column][vc_column_text]Raison sociale : SELARL Atelier Bulle Adresse si\u00e8ge social : 31 rue Bobillot, 33800, Bordeaux T\u00e9l\u00e9phone : 05 47 30 75 16 Mail : agence@bullearchitectes.com Forme juridique de la soci\u00e9t\u00e9 : SELARL Registre du Commerce et des Soci\u00e9t\u00e9s : RCS Bordeaux 478 090 434 Montant du capital social : 7 170 euros Nom du directeur&hellip;<\/p>\n","protected":false},"author":1024,"featured_media":0,"parent":0,"menu_order":0,"comment_status":"closed","ping_status":"closed","template":"","meta":{"_acf_changed":false,"footnotes":""},"class_list":["post-922","page","type-page","status-publish","hentry","entry","no-media"],"acf":[],"yoast_head":"<!-- This site is optimized with the Yoast SEO plugin v27.3 - https:\/\/yoast.com\/product\/yoast-seo-wordpress\/ -->\n<title>Legal notice - Bulle Architectes<\/title>\n<meta name=\"robots\" content=\"index, follow, max-snippet:-1, max-image-preview:large, max-video-preview:-1\" \/>\n<link rel=\"canonical\" href=\"https:\/\/bullearchitectes.com\/en\/legal-notice\/\" \/>\n<meta property=\"og:locale\" content=\"en_US\" \/>\n<meta property=\"og:type\" content=\"article\" \/>\n<meta property=\"og:title\" content=\"Legal notice - Bulle Architectes\" \/>\n<meta property=\"og:description\" content=\"[vc_row][vc_column][vc_column_text]Raison sociale : SELARL Atelier Bulle Adresse si\u00e8ge social : 31 rue Bobillot, 33800, Bordeaux T\u00e9l\u00e9phone : 05 47 30 75 16 Mail : agence@bullearchitectes.com Forme juridique de la soci\u00e9t\u00e9 : SELARL Registre du Commerce et des Soci\u00e9t\u00e9s : RCS Bordeaux 478 090 434 Montant du capital social : 7 170 euros Nom du directeur&hellip;\" \/>\n<meta property=\"og:url\" content=\"https:\/\/bullearchitectes.com\/en\/legal-notice\/\" \/>\n<meta property=\"og:site_name\" content=\"Bulle Architectes\" \/>\n<meta property=\"article:modified_time\" content=\"2021-02-08T09:30:23+00:00\" \/>\n<meta name=\"twitter:card\" content=\"summary_large_image\" \/>\n<meta name=\"twitter:label1\" content=\"Est. reading time\" \/>\n\t<meta name=\"twitter:data1\" content=\"6 minutes\" \/>\n<script type=\"application\/ld+json\" class=\"yoast-schema-graph\">{\"@context\":\"https:\\\/\\\/schema.org\",\"@graph\":[{\"@type\":\"WebPage\",\"@id\":\"https:\\\/\\\/bullearchitectes.com\\\/en\\\/legal-notice\\\/\",\"url\":\"https:\\\/\\\/bullearchitectes.com\\\/en\\\/legal-notice\\\/\",\"name\":\"Legal notice - Bulle Architectes\",\"isPartOf\":{\"@id\":\"https:\\\/\\\/bullearchitectes.com\\\/en\\\/#website\"},\"datePublished\":\"2021-01-12T09:21:52+00:00\",\"dateModified\":\"2021-02-08T09:30:23+00:00\",\"breadcrumb\":{\"@id\":\"https:\\\/\\\/bullearchitectes.com\\\/en\\\/legal-notice\\\/#breadcrumb\"},\"inLanguage\":\"en-US\",\"potentialAction\":[{\"@type\":\"ReadAction\",\"target\":[\"https:\\\/\\\/bullearchitectes.com\\\/en\\\/legal-notice\\\/\"]}]},{\"@type\":\"BreadcrumbList\",\"@id\":\"https:\\\/\\\/bullearchitectes.com\\\/en\\\/legal-notice\\\/#breadcrumb\",\"itemListElement\":[{\"@type\":\"ListItem\",\"position\":1,\"name\":\"Accueil\",\"item\":\"https:\\\/\\\/bullearchitectes.com\\\/en\\\/\"},{\"@type\":\"ListItem\",\"position\":2,\"name\":\"Legal notice\"}]},{\"@type\":\"WebSite\",\"@id\":\"https:\\\/\\\/bullearchitectes.com\\\/en\\\/#website\",\"url\":\"https:\\\/\\\/bullearchitectes.com\\\/en\\\/\",\"name\":\"Bulle Architectes\",\"description\":\"Architectes \u00e0 Bordeaux\",\"publisher\":{\"@id\":\"https:\\\/\\\/bullearchitectes.com\\\/en\\\/#organization\"},\"potentialAction\":[{\"@type\":\"SearchAction\",\"target\":{\"@type\":\"EntryPoint\",\"urlTemplate\":\"https:\\\/\\\/bullearchitectes.com\\\/en\\\/?s={search_term_string}\"},\"query-input\":{\"@type\":\"PropertyValueSpecification\",\"valueRequired\":true,\"valueName\":\"search_term_string\"}}],\"inLanguage\":\"en-US\"},{\"@type\":\"Organization\",\"@id\":\"https:\\\/\\\/bullearchitectes.com\\\/en\\\/#organization\",\"name\":\"Bulle Architectes\",\"url\":\"https:\\\/\\\/bullearchitectes.com\\\/en\\\/\",\"logo\":{\"@type\":\"ImageObject\",\"inLanguage\":\"en-US\",\"@id\":\"https:\\\/\\\/bullearchitectes.com\\\/en\\\/#\\\/schema\\\/logo\\\/image\\\/\",\"url\":\"https:\\\/\\\/bullearchitectes.com\\\/wp-content\\\/uploads\\\/2021\\\/01\\\/Noir-1.png\",\"contentUrl\":\"https:\\\/\\\/bullearchitectes.com\\\/wp-content\\\/uploads\\\/2021\\\/01\\\/Noir-1.png\",\"width\":2000,\"height\":633,\"caption\":\"Bulle Architectes\"},\"image\":{\"@id\":\"https:\\\/\\\/bullearchitectes.com\\\/en\\\/#\\\/schema\\\/logo\\\/image\\\/\"}}]}<\/script>\n<!-- \/ Yoast SEO plugin. -->","yoast_head_json":{"title":"Legal notice - Bulle Architectes","robots":{"index":"index","follow":"follow","max-snippet":"max-snippet:-1","max-image-preview":"max-image-preview:large","max-video-preview":"max-video-preview:-1"},"canonical":"https:\/\/bullearchitectes.com\/en\/legal-notice\/","og_locale":"en_US","og_type":"article","og_title":"Legal notice - Bulle Architectes","og_description":"[vc_row][vc_column][vc_column_text]Raison sociale : SELARL Atelier Bulle Adresse si\u00e8ge social : 31 rue Bobillot, 33800, Bordeaux T\u00e9l\u00e9phone : 05 47 30 75 16 Mail : agence@bullearchitectes.com Forme juridique de la soci\u00e9t\u00e9 : SELARL Registre du Commerce et des Soci\u00e9t\u00e9s : RCS Bordeaux 478 090 434 Montant du capital social : 7 170 euros Nom du directeur&hellip;","og_url":"https:\/\/bullearchitectes.com\/en\/legal-notice\/","og_site_name":"Bulle Architectes","article_modified_time":"2021-02-08T09:30:23+00:00","twitter_card":"summary_large_image","twitter_misc":{"Est. reading time":"6 minutes"},"schema":{"@context":"https:\/\/schema.org","@graph":[{"@type":"WebPage","@id":"https:\/\/bullearchitectes.com\/en\/legal-notice\/","url":"https:\/\/bullearchitectes.com\/en\/legal-notice\/","name":"Legal notice - Bulle Architectes","isPartOf":{"@id":"https:\/\/bullearchitectes.com\/en\/#website"},"datePublished":"2021-01-12T09:21:52+00:00","dateModified":"2021-02-08T09:30:23+00:00","breadcrumb":{"@id":"https:\/\/bullearchitectes.com\/en\/legal-notice\/#breadcrumb"},"inLanguage":"en-US","potentialAction":[{"@type":"ReadAction","target":["https:\/\/bullearchitectes.com\/en\/legal-notice\/"]}]},{"@type":"BreadcrumbList","@id":"https:\/\/bullearchitectes.com\/en\/legal-notice\/#breadcrumb","itemListElement":[{"@type":"ListItem","position":1,"name":"Accueil","item":"https:\/\/bullearchitectes.com\/en\/"},{"@type":"ListItem","position":2,"name":"Legal notice"}]},{"@type":"WebSite","@id":"https:\/\/bullearchitectes.com\/en\/#website","url":"https:\/\/bullearchitectes.com\/en\/","name":"Bulle Architectes","description":"Architectes \u00e0 Bordeaux","publisher":{"@id":"https:\/\/bullearchitectes.com\/en\/#organization"},"potentialAction":[{"@type":"SearchAction","target":{"@type":"EntryPoint","urlTemplate":"https:\/\/bullearchitectes.com\/en\/?s={search_term_string}"},"query-input":{"@type":"PropertyValueSpecification","valueRequired":true,"valueName":"search_term_string"}}],"inLanguage":"en-US"},{"@type":"Organization","@id":"https:\/\/bullearchitectes.com\/en\/#organization","name":"Bulle Architectes","url":"https:\/\/bullearchitectes.com\/en\/","logo":{"@type":"ImageObject","inLanguage":"en-US","@id":"https:\/\/bullearchitectes.com\/en\/#\/schema\/logo\/image\/","url":"https:\/\/bullearchitectes.com\/wp-content\/uploads\/2021\/01\/Noir-1.png","contentUrl":"https:\/\/bullearchitectes.com\/wp-content\/uploads\/2021\/01\/Noir-1.png","width":2000,"height":633,"caption":"Bulle Architectes"},"image":{"@id":"https:\/\/bullearchitectes.com\/en\/#\/schema\/logo\/image\/"}}]}},"_links":{"self":[{"href":"https:\/\/bullearchitectes.com\/en\/wp-json\/wp\/v2\/pages\/922","targetHints":{"allow":["GET"]}}],"collection":[{"href":"https:\/\/bullearchitectes.com\/en\/wp-json\/wp\/v2\/pages"}],"about":[{"href":"https:\/\/bullearchitectes.com\/en\/wp-json\/wp\/v2\/types\/page"}],"author":[{"embeddable":true,"href":"https:\/\/bullearchitectes.com\/en\/wp-json\/wp\/v2\/users\/1024"}],"replies":[{"embeddable":true,"href":"https:\/\/bullearchitectes.com\/en\/wp-json\/wp\/v2\/comments?post=922"}],"version-history":[{"count":0,"href":"https:\/\/bullearchitectes.com\/en\/wp-json\/wp\/v2\/pages\/922\/revisions"}],"wp:attachment":[{"href":"https:\/\/bullearchitectes.com\/en\/wp-json\/wp\/v2\/media?parent=922"}],"curies":[{"name":"wp","href":"https:\/\/api.w.org\/{rel}","templated":true}]}}